{"id":2,"date":"2020-02-14T23:04:32","date_gmt":"2020-02-14T23:04:32","guid":{"rendered":"http:\/\/solredessas.com\/?page_id=2"},"modified":"2024-06-27T20:39:28","modified_gmt":"2024-06-28T01:39:28","slug":"nosotros","status":"publish","type":"page","link":"https:\/\/solredessas.com\/index.php\/nosotros\/","title":{"rendered":"Nosotros"},"content":{"rendered":"\t\t<div data-elementor-type=\"wp-page\" data-elementor-id=\"2\" class=\"elementor elementor-2\" data-elementor-settings=\"[]\">\n\t\t\t\t\t\t<div class=\"elementor-inner\">\n\t\t\t\t\t\t\t<div class=\"elementor-section-wrap\">\n\t\t\t\t\t\t\t<section class=\"elementor-section elementor-top-section elementor-element elementor-element-eaf1425 elementor-section-height-min-height elementor-section-boxed elementor-section-height-default elementor-section-items-middle\" data-id=\"eaf1425\" data-element_type=\"section\">\n\t\t\t\t\t\t<div class=\"elementor-container elementor-column-gap-default\">\n\t\t\t\t\t\t\t<div class=\"elementor-row\">\n\t\t\t\t\t<div class=\"elementor-column elementor-col-100 elementor-top-column elementor-element elementor-element-0b006c8\" data-id=\"0b006c8\" data-element_type=\"column\">\n\t\t\t<div class=\"elementor-column-wrap elementor-element-populated\">\n\t\t\t\t\t\t\t<div class=\"elementor-widget-wrap\">\n\t\t\t\t\t\t<div class=\"elementor-element elementor-element-4f06875 elementor-invisible elementor-widget elementor-widget-heading\" data-id=\"4f06875\" data-element_type=\"widget\" data-settings=\"{&quot;_animation&quot;:&quot;fadeInDown&quot;}\" data-widget_type=\"heading.default\">\n\t\t\t\t<div class=\"elementor-widget-container\">\n\t\t\t<h2 class=\"elementor-heading-title elementor-size-default\">Nuestra Experiencia y Servicios<\/h2>\t\t<\/div>\n\t\t\t\t<\/div>\n\t\t\t\t\t\t<\/div>\n\t\t\t\t\t<\/div>\n\t\t<\/div>\n\t\t\t\t\t\t\t\t<\/div>\n\t\t\t\t\t<\/div>\n\t\t<\/section>\n\t\t\t\t<section class=\"elementor-section elementor-top-section elementor-element elementor-element-1e58cf6a elementor-section-boxed elementor-section-height-default elementor-section-height-default elementor-invisible\" data-id=\"1e58cf6a\" data-element_type=\"section\" data-settings=\"{&quot;animation&quot;:&quot;fadeInLeft&quot;}\">\n\t\t\t\t\t\t<div class=\"elementor-container elementor-column-gap-default\">\n\t\t\t\t\t\t\t<div class=\"elementor-row\">\n\t\t\t\t\t<div class=\"elementor-column elementor-col-100 elementor-top-column elementor-element elementor-element-65f8a24f\" data-id=\"65f8a24f\" data-element_type=\"column\">\n\t\t\t<div class=\"elementor-column-wrap elementor-element-populated\">\n\t\t\t\t\t\t\t<div class=\"elementor-widget-wrap\">\n\t\t\t\t\t\t<div class=\"elementor-element elementor-element-2e569d92 elementor-widget elementor-widget-text-editor\" data-id=\"2e569d92\" data-element_type=\"widget\" data-widget_type=\"text-editor.default\">\n\t\t\t\t<div class=\"elementor-widget-container\">\n\t\t\t\t\t\t\t\t<div class=\"elementor-text-editor elementor-clearfix\">\n\t\t\t\t\t<!-- wp:paragraph -->\n<p><b>SOLREDES S.A.S<\/b>: Somos una empresa Colombiana, radicada en la Ciudad de Bogot\u00e1, creada hace 20 a\u00f1os, dedicada a proveer soluciones inform\u00e1ticas utilizando tecnolog\u00eda de punta, tanto para las empresas privadas como para las entidades p\u00fablicas, contando con clientes de ambos sectores a nivel nacional<\/p>\n<p>Para esto, contamos con un equipo profesional debidamente capacitado y certificado que realiza entre otras, las siguientes labores propias de un montaje de esta naturaleza:<\/p>\n<ol>\n<li>Consultor\u00edas gerenciales.<\/li>\n<li>Definici\u00f3n del Plan estrat\u00e9gico de sistemas.<\/li>\n<li>Dise\u00f1o, montaje e implantaci\u00f3n de soluciones inform\u00e1ticas.<\/li>\n<li>Dise\u00f1o e implantaci\u00f3n de herramientas comerciales a trav\u00e9s de Internet.<\/li>\n<li>Dise\u00f1o de Portales y p\u00e1ginas Web, Aplicaciones Moviles, Web Services, Bases de Datos, etc.<\/li>\n<li>Desarrollo de Software a la Medida.<\/li>\n<li>Venta de soluciones Inform\u00e1ticas Propias como:\n<ul>\n<li>Gesti\u00f3n Documental SGDA.<\/li>\n<li>Gesti\u00f3n de Recursos Humanos, liquidaci\u00f3n de Nomina Activos y Pensionados.<\/li>\n<li>Facturaci\u00f3n de servicios, entre otros.<\/li>\n<\/ul>\n<\/li>\n<\/ol>\n<!-- \/wp:paragraph -->\t\t\t\t\t<\/div>\n\t\t\t\t\t\t<\/div>\n\t\t\t\t<\/div>\n\t\t\t\t\t\t<\/div>\n\t\t\t\t\t<\/div>\n\t\t<\/div>\n\t\t\t\t\t\t\t\t<\/div>\n\t\t\t\t\t<\/div>\n\t\t<\/section>\n\t\t\t\t<section class=\"elementor-section elementor-top-section elementor-element elementor-element-5bb5dcb elementor-section-height-min-height elementor-section-boxed elementor-section-height-default elementor-section-items-middle\" data-id=\"5bb5dcb\" data-element_type=\"section\">\n\t\t\t\t\t\t<div class=\"elementor-container elementor-column-gap-default\">\n\t\t\t\t\t\t\t<div class=\"elementor-row\">\n\t\t\t\t\t<div class=\"elementor-column elementor-col-100 elementor-top-column elementor-element elementor-element-36ca798\" data-id=\"36ca798\" data-element_type=\"column\">\n\t\t\t<div class=\"elementor-column-wrap elementor-element-populated\">\n\t\t\t\t\t\t\t<div class=\"elementor-widget-wrap\">\n\t\t\t\t\t\t\t\t<\/div>\n\t\t\t\t\t<\/div>\n\t\t<\/div>\n\t\t\t\t\t\t\t\t<\/div>\n\t\t\t\t\t<\/div>\n\t\t<\/section>\n\t\t\t\t<section class=\"elementor-section elementor-top-section elementor-element elementor-element-910c617 elementor-section-height-min-height elementor-section-boxed elementor-section-height-default elementor-section-items-middle\" data-id=\"910c617\" data-element_type=\"section\">\n\t\t\t\t\t\t<div class=\"elementor-container elementor-column-gap-default\">\n\t\t\t\t\t\t\t<div class=\"elementor-row\">\n\t\t\t\t\t<div class=\"elementor-column elementor-col-100 elementor-top-column elementor-element elementor-element-47da36b\" data-id=\"47da36b\" data-element_type=\"column\">\n\t\t\t<div class=\"elementor-column-wrap elementor-element-populated\">\n\t\t\t\t\t\t\t<div class=\"elementor-widget-wrap\">\n\t\t\t\t\t\t<div class=\"elementor-element elementor-element-fc83b0d elementor-invisible elementor-widget elementor-widget-heading\" data-id=\"fc83b0d\" data-element_type=\"widget\" data-settings=\"{&quot;_animation&quot;:&quot;fadeInDown&quot;}\" data-widget_type=\"heading.default\">\n\t\t\t\t<div class=\"elementor-widget-container\">\n\t\t\t<h2 class=\"elementor-heading-title elementor-size-default\">Nuestros Clientes<\/h2>\t\t<\/div>\n\t\t\t\t<\/div>\n\t\t\t\t\t\t<\/div>\n\t\t\t\t\t<\/div>\n\t\t<\/div>\n\t\t\t\t\t\t\t\t<\/div>\n\t\t\t\t\t<\/div>\n\t\t<\/section>\n\t\t\t\t<section class=\"elementor-section elementor-top-section elementor-element elementor-element-15825ce elementor-reverse-tablet elementor-reverse-mobile elementor-section-boxed elementor-section-height-default elementor-section-height-default\" data-id=\"15825ce\" data-element_type=\"section\">\n\t\t\t\t\t\t<div class=\"elementor-container elementor-column-gap-default\">\n\t\t\t\t\t\t\t<div class=\"elementor-row\">\n\t\t\t\t\t<div class=\"elementor-column elementor-col-100 elementor-top-column elementor-element elementor-element-f1f748f\" data-id=\"f1f748f\" data-element_type=\"column\">\n\t\t\t<div class=\"elementor-column-wrap elementor-element-populated\">\n\t\t\t\t\t\t\t<div class=\"elementor-widget-wrap\">\n\t\t\t\t\t\t<div class=\"elementor-element elementor-element-28c2259 elementor-arrows-position-inside elementor-pagination-position-outside elementor-widget elementor-widget-image-carousel\" data-id=\"28c2259\" data-element_type=\"widget\" data-settings=\"{&quot;navigation&quot;:&quot;both&quot;,&quot;autoplay&quot;:&quot;yes&quot;,&quot;pause_on_hover&quot;:&quot;yes&quot;,&quot;pause_on_interaction&quot;:&quot;yes&quot;,&quot;autoplay_speed&quot;:5000,&quot;infinite&quot;:&quot;yes&quot;,&quot;speed&quot;:500}\" data-widget_type=\"image-carousel.default\">\n\t\t\t\t<div class=\"elementor-widget-container\">\n\t\t\t\t\t<div class=\"elementor-image-carousel-wrapper swiper-container\" dir=\"ltr\">\n\t\t\t<div class=\"elementor-image-carousel swiper-wrapper\">\n\t\t\t\t<div class=\"swiper-slide\"><a data-elementor-open-lightbox=\"yes\" data-elementor-lightbox-slideshow=\"28c2259\" data-elementor-lightbox-title=\"Corporaci\u00f3n de La Guajira\" href=\"http:\/\/solredessas.com\/index.php\/clientes\"><figure class=\"swiper-slide-inner\"><img class=\"swiper-slide-image\" src=\"https:\/\/solredessas.com\/wp-content\/uploads\/2020\/02\/logoGuajira-150x150.jpg\" alt=\"Corpoguajira\" \/><figcaption class=\"elementor-image-carousel-caption\">Corpoguajira<\/figcaption><\/figure><\/a><\/div><div class=\"swiper-slide\"><a data-elementor-open-lightbox=\"yes\" data-elementor-lightbox-slideshow=\"28c2259\" data-elementor-lightbox-title=\"Gobernaci\u00f3n del Choco\" href=\"http:\/\/solredessas.com\/index.php\/clientes\"><figure class=\"swiper-slide-inner\"><img class=\"swiper-slide-image\" src=\"https:\/\/solredessas.com\/wp-content\/uploads\/2020\/02\/logo2345768-150x150.jpg\" alt=\"GoberChoco\" \/><figcaption class=\"elementor-image-carousel-caption\">GoberChoco<\/figcaption><\/figure><\/a><\/div><div class=\"swiper-slide\"><a data-elementor-open-lightbox=\"yes\" data-elementor-lightbox-slideshow=\"28c2259\" data-elementor-lightbox-title=\"Cardique\" href=\"http:\/\/solredessas.com\/index.php\/clientes\"><figure class=\"swiper-slide-inner\"><img class=\"swiper-slide-image\" src=\"https:\/\/solredessas.com\/wp-content\/uploads\/2020\/02\/logo-150x150.jpg\" alt=\"Cardique\" \/><figcaption class=\"elementor-image-carousel-caption\">Cardique<\/figcaption><\/figure><\/a><\/div><div class=\"swiper-slide\"><a data-elementor-open-lightbox=\"yes\" data-elementor-lightbox-slideshow=\"28c2259\" data-elementor-lightbox-title=\"Positiva Compa\u00f1\u00eda de Seguros\" href=\"http:\/\/solredessas.com\/index.php\/clientes\"><figure class=\"swiper-slide-inner\"><img class=\"swiper-slide-image\" src=\"https:\/\/solredessas.com\/wp-content\/uploads\/2020\/02\/positiva-150x112.png\" alt=\"Positiva\" \/><figcaption class=\"elementor-image-carousel-caption\">Positiva<\/figcaption><\/figure><\/a><\/div><div class=\"swiper-slide\"><a data-elementor-open-lightbox=\"yes\" data-elementor-lightbox-slideshow=\"28c2259\" data-elementor-lightbox-title=\"logoCVSCORDOBA\" href=\"http:\/\/solredessas.com\/index.php\/clientes\"><figure class=\"swiper-slide-inner\"><img class=\"swiper-slide-image\" src=\"https:\/\/solredessas.com\/wp-content\/uploads\/2024\/06\/logoCVSCORDOBA-150x150.jpg\" alt=\"CVS Cordoba\" \/><figcaption class=\"elementor-image-carousel-caption\">CVS Cordoba<\/figcaption><\/figure><\/a><\/div><div class=\"swiper-slide\"><a data-elementor-open-lightbox=\"yes\" data-elementor-lightbox-slideshow=\"28c2259\" data-elementor-lightbox-title=\"logoBaseSOACHA\" href=\"http:\/\/solredessas.com\/index.php\/clientes\"><figure class=\"swiper-slide-inner\"><img class=\"swiper-slide-image\" src=\"https:\/\/solredessas.com\/wp-content\/uploads\/2024\/06\/logoBaseSOACHA-150x91.jpg\" alt=\"Alcaldia de Soacha\" \/><figcaption class=\"elementor-image-carousel-caption\">Alcaldia de Soacha<\/figcaption><\/figure><\/a><\/div><div class=\"swiper-slide\"><a data-elementor-open-lightbox=\"yes\" data-elementor-lightbox-slideshow=\"28c2259\" data-elementor-lightbox-title=\"sidep\" href=\"http:\/\/solredessas.com\/index.php\/clientes\"><figure class=\"swiper-slide-inner\"><img class=\"swiper-slide-image\" src=\"https:\/\/solredessas.com\/wp-content\/uploads\/2021\/04\/sidep-150x113.png\" alt=\"Alcaldia de Sopo\" \/><figcaption class=\"elementor-image-carousel-caption\">Alcaldia de Sopo<\/figcaption><\/figure><\/a><\/div><div class=\"swiper-slide\"><a data-elementor-open-lightbox=\"yes\" data-elementor-lightbox-slideshow=\"28c2259\" data-elementor-lightbox-title=\"Corpocesar\" href=\"http:\/\/solredessas.com\/index.php\/clientes\"><figure class=\"swiper-slide-inner\"><img class=\"swiper-slide-image\" src=\"https:\/\/solredessas.com\/wp-content\/uploads\/2020\/03\/Corpocesar-150x150.jpg\" alt=\"Corpocesar\" \/><figcaption class=\"elementor-image-carousel-caption\">Corpocesar<\/figcaption><\/figure><\/a><\/div>\t\t\t<\/div>\n\t\t\t\t\t\t\t\t\t\t\t\t<div class=\"swiper-pagination\"><\/div>\n\t\t\t\t\t\t\t\t\t\t\t\t\t<div class=\"elementor-swiper-button elementor-swiper-button-prev\">\n\t\t\t\t\t\t<i class=\"eicon-chevron-left\" aria-hidden=\"true\"><\/i>\n\t\t\t\t\t\t<span class=\"elementor-screen-only\">Anterior<\/span>\n\t\t\t\t\t<\/div>\n\t\t\t\t\t<div class=\"elementor-swiper-button elementor-swiper-button-next\">\n\t\t\t\t\t\t<i class=\"eicon-chevron-right\" aria-hidden=\"true\"><\/i>\n\t\t\t\t\t\t<span class=\"elementor-screen-only\">Siguiente<\/span>\n\t\t\t\t\t<\/div>\n\t\t\t\t\t\t\t\t\t<\/div>\n\t\t\t\t<\/div>\n\t\t\t\t<\/div>\n\t\t\t\t\t\t<\/div>\n\t\t\t\t\t<\/div>\n\t\t<\/div>\n\t\t\t\t\t\t\t\t<\/div>\n\t\t\t\t\t<\/div>\n\t\t<\/section>\n\t\t\t\t\t\t<\/div>\n\t\t\t\t\t\t<\/div>\n\t\t\t\t\t<\/div>\n\t\t","protected":false},"excerpt":{"rendered":"<p>Nuestra Experiencia y Servicios SOLREDES S.A.S: Somos una empresa Colombiana, radicada en la Ciudad de Bogot\u00e1, creada hace 20 a\u00f1os, dedicada a proveer soluciones inform\u00e1ticas utilizando tecnolog\u00eda de punta, tanto &#8230;<\/p>\n","protected":false},"author":1,"featured_media":0,"parent":0,"menu_order":0,"comment_status":"closed","ping_status":"open","template":"","meta":[],"_links":{"self":[{"href":"https:\/\/solredessas.com\/index.php\/wp-json\/wp\/v2\/pages\/2"}],"collection":[{"href":"https:\/\/solredessas.com\/index.php\/wp-json\/wp\/v2\/pages"}],"about":[{"href":"https:\/\/solredessas.com\/index.php\/wp-json\/wp\/v2\/types\/page"}],"author":[{"embeddable":true,"href":"https:\/\/solredessas.com\/index.php\/wp-json\/wp\/v2\/users\/1"}],"replies":[{"embeddable":true,"href":"https:\/\/solredessas.com\/index.php\/wp-json\/wp\/v2\/comments?post=2"}],"version-history":[{"count":12,"href":"https:\/\/solredessas.com\/index.php\/wp-json\/wp\/v2\/pages\/2\/revisions"}],"predecessor-version":[{"id":878,"href":"https:\/\/solredessas.com\/index.php\/wp-json\/wp\/v2\/pages\/2\/revisions\/878"}],"wp:attachment":[{"href":"https:\/\/solredessas.com\/index.php\/wp-json\/wp\/v2\/media?parent=2"}],"curies":[{"name":"wp","href":"https:\/\/api.w.org\/{rel}","templated":true}]}}